{"id":7,"date":"2011-11-06T16:31:38","date_gmt":"2011-11-06T16:31:38","guid":{"rendered":"http:\/\/www.pflegedienst-kempen.de\/?page_id=7"},"modified":"2023-01-07T23:18:17","modified_gmt":"2023-01-07T23:18:17","slug":"impressum","status":"publish","type":"page","link":"http:\/\/www.pflegedienst-kempen.de\/?page_id=7","title":{"rendered":"Impressum"},"content":{"rendered":"<p><strong>ASKP<\/strong><br \/>\n<strong>Ambulante Senioren-<\/strong><br \/>\n<strong>und Krankenpflege GmbH<\/strong><\/p>\n<p>Gesch\u00e4ftsf\u00fchrerin:<\/p>\n<p><strong>Doreen K\u00fchr-Schipper<\/strong><\/p>\n<p>Haag 22a<br \/>\n47906 Kempen<\/p>\n<p>Tel.: 0 21 52 \/ 89 26 701<br \/>\nFax: 0 21 52 \/ 89 26 702<br \/>\nMobil: 0 173 \/ 53 95 179<\/p>\n<p>E-Mail: <a href=\"mailto:info@pflegedienst-kempen.de\">info@pflegedienst-kempen.de<\/a><br \/>\nInternet: <a href=\"http:\/\/www.pflegedienst-kempen.de\/\">www.pflegedienst-kempen.de<\/a><\/p>\n<p align=\"left\"><strong>Werbeseite &amp; Gestalltung<\/strong><\/p>\n<div align=\"left\"><strong>Anschrift:<\/strong><\/div>\n<div align=\"left\"><\/div>\n<div align=\"left\">\n<p>COPY WOLF Inh. Jolanta Kossmann<\/p>\n<p>COMPUTERSERVICE Krefeld<\/p>\n<p>Duisburger Str. 89<br \/>\n47829 Krefeld<\/p>\n<p>Telefon +49 (0) 21 51 \u2013 48 37 37<br \/>\nFax +49 (0) 21 51 \u2013 48 37 38<br \/>\nMobil: +49 (0) 163 \u2013 265 93 65<\/p>\n<p>info@computerservice-krefeld.de<br \/>\nwww.computerservice-krefeld.de<\/p>\n<p>info@copy-wolf.de<br \/>\nwww.copy-wolf.de<\/p>\n<\/div>\n<p align=\"left\"><strong>Rechtlicher Hinweis:<\/strong><br \/>\n<strong><br \/>\n<\/strong><\/p>\n<p>ASKP Ambulante Senioren- und Krankenpflege GmbH bem\u00fcht sich, auf ihren Webseiten zutreffende Informationen und Daten zur Verf\u00fcgung zu stellen. Eine Haftung oder Garantie f\u00fcr die Aktualit\u00e4t, Richtigkeit und Vollst\u00e4ndigkeit der zur Verf\u00fcgung gestellten Informationen und Daten ist jedoch ausgeschlossen. Dies gilt ebenfalls auch f\u00fcr alle anderen direkt oder indirekt angef\u00fchrten Webseiten, auf die mittels eines Hyperlinks verwiesen wird.<\/p>\n<p>ASKP Ambulante Senioren- und Krankenpflege GmbH ist f\u00fcr den Inhalt solcher Seiten, die mit diesen Links erreicht werden, nicht verantwortlich.<\/p>\n<p><strong>Haftungsausschluss f\u00fcr Links<\/strong><\/p>\n<p>Wir haften nicht f\u00fcr den Inhalt von\u00a0 verlinkten Internet-Adressen. Die Links f\u00fchren zu Webservern au\u00dferhalb unserer Site und unterliegen nicht unserer Kontrolle. Aus diesem Grund liegt die\u00a0 Verantwortung f\u00fcr Inhalt und Funktion dieser Seiten bei deren Betreibern.<\/p>\n<p>Dieser Haftungsausschluss gilt f\u00fcr alle auf unserer Homepage angebrachten Links oder\u00a0 Banner sowie f\u00fcr alle Inhalte der Seiten, zu denen Links oder Banner f\u00fchren. Alle genannten Firmen-, Produkt- und Markenbezeichnungen sind Eigentum der jeweiligen Inhaber.<\/p>\n<p><strong>Grafiken &amp; Fotos<\/strong><\/p>\n<p>Der Gro\u00dfteil des verwendeten Bildmaterials auf dieser Homepage sind geistiges und bildliches Eigentum von Jolanta Kossmann, der wir f\u00fcr ihre kreative Arbeit und die Bereitstellung danken.<\/p>\n<p><strong>Copyright Hinweise:<\/strong><\/p>\n<p>Namen von Produkten und Gesellschaften, die hier erw\u00e4hnt werden, k\u00f6nnen Marken der jeweiligen Eigent\u00fcmer sein. Wenn Sie Inhalte dieser Site \u00fcbernehmen m\u00f6chten, setzten Sie sich bitte vorher mit uns in Verbindung. Die abgebildeten Fotos d\u00fcrfen nur nach R\u00fccksprache mit uns oder dem Fotografen weiterverwendet werden. Die \u00dcbernahme von Inhalten dieser Site bedarf in jedem Fall der schriftlichen Genehmigung.<\/p>\n","protected":false},"excerpt":{"rendered":"<p>ASKP Ambulante Senioren- und Krankenpflege GmbH Gesch\u00e4ftsf\u00fchrerin: Doreen K\u00fchr-Schipper Haag 22a 47906 Kempen Tel.: 0 21 52 \/ 89 26 701 Fax: 0 21 52 \/ 89 26 702 Mobil: 0 173 \/ 53 95 179 E-Mail: info@pflegedienst-kempen.de Internet: www.pflegedienst-kempen.de Werbeseite &amp; Gestalltung Anschrift: COPY WOLF Inh. Jolanta Kossmann COMPUTERSERVICE Krefeld Duisburger Str. 89 47829 [&hellip;]<\/p>\n","protected":false},"author":1,"featured_media":0,"parent":0,"menu_order":10,"comment_status":"closed","ping_status":"closed","template":"","meta":[],"_links":{"self":[{"href":"http:\/\/www.pflegedienst-kempen.de\/index.php?rest_route=\/wp\/v2\/pages\/7"}],"collection":[{"href":"http:\/\/www.pflegedienst-kempen.de\/index.php?rest_route=\/wp\/v2\/pages"}],"about":[{"href":"http:\/\/www.pflegedienst-kempen.de\/index.php?rest_route=\/wp\/v2\/types\/page"}],"author":[{"embeddable":true,"href":"http:\/\/www.pflegedienst-kempen.de\/index.php?rest_route=\/wp\/v2\/users\/1"}],"replies":[{"embeddable":true,"href":"http:\/\/www.pflegedienst-kempen.de\/index.php?rest_route=%2Fwp%2Fv2%2Fcomments&post=7"}],"version-history":[{"count":16,"href":"http:\/\/www.pflegedienst-kempen.de\/index.php?rest_route=\/wp\/v2\/pages\/7\/revisions"}],"predecessor-version":[{"id":105,"href":"http:\/\/www.pflegedienst-kempen.de\/index.php?rest_route=\/wp\/v2\/pages\/7\/revisions\/105"}],"wp:attachment":[{"href":"http:\/\/www.pflegedienst-kempen.de\/index.php?rest_route=%2Fwp%2Fv2%2Fmedia&parent=7"}],"curies":[{"name":"wp","href":"https:\/\/api.w.org\/{rel}","templated":true}]}}