{"id":95,"date":"2018-05-25T03:08:40","date_gmt":"2018-05-25T03:08:40","guid":{"rendered":"http:\/\/www.pflegedienst-kempen.de\/?page_id=95"},"modified":"2023-01-07T23:17:26","modified_gmt":"2023-01-07T23:17:26","slug":"datenschutzerklaerung","status":"publish","type":"page","link":"http:\/\/www.pflegedienst-kempen.de\/?page_id=95","title":{"rendered":"Datenschutzerkl\u00e4rung"},"content":{"rendered":"<p>Der Schutz Ihrer Privatsph\u00e4re ist uns ein wichtiges Anliegen. Deshalb m\u00f6chten wir Sie eindringlich bitten, die nachfolgende Zusammenfassung \u00fcber die Funktionsweise unserer Webseite <a href=\"http:\/\/www.pflegedienst-kempen.de\">http:\/\/www.pflegedienst-kempen.de<\/a> aufmerksam zu lesen. Die hier aufgef\u00fchrte Datenschutzerkl\u00e4rung entspricht den Richtlinien der DSGVO und des BDSG. Sie soll \u00fcber die Art, den Zweck und die Verwendung personenbezogener Daten durch den Websitebetreiber informieren. Gleichwohl unsere Seite mit verschieden Sicherheitsvorkehrungen ausgestattet ist, kann kein vollst\u00e4ndiger Schutz Ihrer Daten gew\u00e4hrleistet werden, da Sicherheitsl\u00fccken im Internet nicht ausgeschlossen werden k\u00f6nnen. Sollten Sie Anliegen bzgl. Ihrer Daten haben, finden Sie am Ende des Textes die entsprechenden Kontaktdaten unserer Ansprechpartner.<\/p>\n<p><strong>Personenbezogene Daten<\/strong><\/p>\n<p>Die Funktion und die Kommunikation unseres Services sind auf die Daten unserer Nutzer angewiesen. Dabei sind personenbezogene Daten besonders sensibel \u2013 dies meint alle Informationen, welche sich eindeutig auf eine bestimmte, nat\u00fcrliche Person zur\u00fcckf\u00fchren lassen. Laut DSGVO besteht f\u00fcr uns die Verpflichtung, den gesamten Umfang aller derartigen Daten aufzulisten. Durch die Nutzung unserer Seite werden folgende personenbezogene Daten nach DSGVO erhoben: KEINE Unsere Internetseite enth\u00e4lt keine Kommentarfunktion, kein Kontaktformular oder vergleichbare Funktionen, durch die Daten erhoben werden.<\/p>\n<p><strong>Log Dateien<\/strong><\/p>\n<p>Eine Logdatei wird im Zuge eines automatischen Protokolls des verarbeitenden Computersystems erstellt. Das bedeutet, dass Informationen betreffend Ihres verwendeten Endger\u00e4tes als Logfiles auf einem Server festgehalten werden.<\/p>\n<p>Unser Seitenprovider protokolliert dabei:<\/p>\n<p>\u2013 Zugriff auf die Seite: Datum, Uhrzeit, H\u00e4ufigkeit<br \/>\n\u2013 Wie Sie auf die Seite gelangt sind (vorherige Seite, Hyperlink etc.)<br \/>\n\u2013 Menge der gesendeten Daten<br \/>\n\u2013 Welchen Browser und welche Version desselben Sie verwenden<br \/>\n\u2013 Ihre IP-Adresse Auch hier k\u00f6nnen die erhobenen Daten der Verbesserung unseres Angebotes dienen<br \/>\n\u2013 wir werten dieses Daten jedoch weder zu diesem Zweck noch zu einem anderen Zweck aus, wir machen die vom Seitenbetreiber automatisch erhobenen und uns zur Verf\u00fcgung gestellten Daten auch niemandem Dritten zug\u00e4nglich. Der Betreiber darf Server-Logfiles nur dann l\u00e4nger speichern, herausgeben oder nachtr\u00e4glich auf diese zugreifen, wenn dies im rechtlichen Rahmen gestattet ist (z.B. bei Verdacht auf rechtswidrige Aktivit\u00e4ten).<\/p>\n<p><strong>Cookies<\/strong><\/p>\n<p>Diese Webseite verwendet keine Cookies. Dies sind kleine Textdateien, welche in Ihrem Browserverlauf platziert werden und durch welche bei Ihrem n\u00e4chsten Besuch bereits get\u00e4tigte Einstellungen und andere \u00c4nderungen, welche Sie vorgenommen haben, rekonstruiert werden. Durch Cookies k\u00f6nnten wir unseren Dienst personalisieren und benutzerfreundlicher gestalten. Sie haben grunds\u00e4tzlich die M\u00f6glichkeit, auf jeder Website das Setzen von Cookies zu blockieren und bereits gesetzte Cookies zu l\u00f6schen.<\/p>\n<p><strong>Newsletter und Abonnements<\/strong><\/p>\n<p>Wir versenden keine Newsletter, auf unserer Website wird Ihre E-Mail Adresse nicht f\u00fcr diesen oder einen anderen Zweck erfasst.<\/p>\n<p><strong>Webanalysedienste<\/strong><\/p>\n<p>Es gibt f\u00fcr Betreiber verschiedene M\u00f6glichkeiten,\u00a0 um den Verkehr und Erfolg der eigenen Website nachzuvollziehen. Durch diese Dienste k\u00f6nnen die Surfgewohnheiten von Nutzern eingesehen werden. Unsere Seite verwendet keine solchen Webanalysedienste.<\/p>\n<p><strong>Datenweitergabe an Dritte<\/strong><\/p>\n<p>Grunds\u00e4tzlich werden Ihre Daten von uns nicht an Dritte vermittelt. Au\u00dferdem stellen wir durch entsprechende Ma\u00dfnahmen: Im Rahmen unseres Internetangebotes <a href=\"http:\/\/www.pflegedienst-kempen.de\"><u>http:\/\/www.pflegedienst-kempen.de<\/u><\/a>\u00a0erheben wir keine Daten! und regelm\u00e4\u00dfige Kontrollen sicher, dass die von uns erhobenen Daten nicht durch Dritte von au\u00dfen eingesehen oder abgegriffen werden k\u00f6nnen.<\/p>\n<p><strong>Social Bookmarks<\/strong><\/p>\n<p>Benutzen Sie Social Bookmarks, werden Sie auf die Seiten der Anbieter weiter geleitet und entsprechende Nutzerinformationen weitergegeben. Auf unserer Webseite bieten wir nicht die M\u00f6glichkeit, \u00fcber externe Links Inhalte auf sozialen Netzwerken oder per Mail zu teilen, es sind keine Plugins vorhanden.<\/p>\n<p><strong>Ihre Rechte<\/strong><\/p>\n<p>Selbstverst\u00e4ndlich haben Sie in Bezug auf die Erhebung Ihrer Daten Rechte. Laut geltendem Gesetz sind wir dazu verpflichtet, Sie \u00fcber dieselben aufzukl\u00e4ren. Die Inanspruchnahme und Durchf\u00fchrung dieser Rechte ist f\u00fcr Sie kostenlos. Sie haben das Recht, Ihre Einwilligung bzgl. der Erhebung von Daten jederzeit zu widerrufen. Dieses Recht gilt mit Wirkung f\u00fcr die Zukunft; die bis zur Rechtkraft des Widerrufs erhobenen Daten bleiben hiervon unber\u00fchrt. Sie haben das Recht, eine \u00dcbertragung Ihrer Daten von uns auf eine andere Stelle zu beantragen. Sie haben das Recht, von uns eine Best\u00e4tigung zu verlangen, ob und wie wir personenbezogene Daten von Ihnen beziehen. Dieses Recht ist durch die vorliegende Datenschutzerkl\u00e4rung realisiert. Zus\u00e4tzlich k\u00f6nnen Sie eine elektronische Auskunft anfordern. Sie haben das Recht, Ihre Daten berichtigen, l\u00f6schen oder sperren zu lassen. Letzteres kommt zur Anwendung, wenn die gesetzliche Lage eine L\u00f6schung nicht zul\u00e4sst. Sie haben das Recht, sich bei einer Aufsichtsbeh\u00f6rde bzw. einer zust\u00e4ndigen Stelle zu beschweren, insofern Sie einen Grund zur Beanstandung haben sollten. F\u00fcr die Inanspruchnahme dieses Rechts und der zwei vorher genannten wenden Sie sich bitte an die am Ende dieser Datenschutzerkl\u00e4rung aufgef\u00fchrten Kontaktpersonen. F\u00fcr Fragen, Auskunftsersuche, Antr\u00e4ge, Beschwerden oder Kritik hinsichtlich unseres Datenschutzes k\u00f6nnen Sie sich an folgende Stelle wenden:<\/p>\n<p>Ambulante Senioren-<br \/>\nund Krankenpflege GmbH<\/p>\n<p>\u00b0<\/p>\n<p>Doreen K\u00fchr-Schipper<\/p>\n<p>\u00b0<\/p>\n<p>Haag 22a<br \/>\n47906 Kempen<\/p>\n<p>\u00b0<\/p>\n<p>Tel.: 0 21 52 \/ 89 26 701<br \/>\nFax: 0 21 52 \/ 89 26 702<br \/>\nMobil: 0 173 \/ 53 95 179<\/p>\n<p>\u00b0<\/p>\n<p>E-Mail:<br \/>\ninfo@pflegedienst-kempen.de<\/p>\n","protected":false},"excerpt":{"rendered":"<p>Der Schutz Ihrer Privatsph\u00e4re ist uns ein wichtiges Anliegen. Deshalb m\u00f6chten wir Sie eindringlich bitten, die nachfolgende Zusammenfassung \u00fcber die Funktionsweise unserer Webseite http:\/\/www.pflegedienst-kempen.de aufmerksam zu lesen. Die hier aufgef\u00fchrte Datenschutzerkl\u00e4rung entspricht den Richtlinien der DSGVO und des BDSG. Sie soll \u00fcber die Art, den Zweck und die Verwendung personenbezogener Daten durch den Websitebetreiber informieren. [&hellip;]<\/p>\n","protected":false},"author":1,"featured_media":0,"parent":0,"menu_order":11,"comment_status":"closed","ping_status":"closed","template":"","meta":[],"_links":{"self":[{"href":"http:\/\/www.pflegedienst-kempen.de\/index.php?rest_route=\/wp\/v2\/pages\/95"}],"collection":[{"href":"http:\/\/www.pflegedienst-kempen.de\/index.php?rest_route=\/wp\/v2\/pages"}],"about":[{"href":"http:\/\/www.pflegedienst-kempen.de\/index.php?rest_route=\/wp\/v2\/types\/page"}],"author":[{"embeddable":true,"href":"http:\/\/www.pflegedienst-kempen.de\/index.php?rest_route=\/wp\/v2\/users\/1"}],"replies":[{"embeddable":true,"href":"http:\/\/www.pflegedienst-kempen.de\/index.php?rest_route=%2Fwp%2Fv2%2Fcomments&post=95"}],"version-history":[{"count":3,"href":"http:\/\/www.pflegedienst-kempen.de\/index.php?rest_route=\/wp\/v2\/pages\/95\/revisions"}],"predecessor-version":[{"id":103,"href":"http:\/\/www.pflegedienst-kempen.de\/index.php?rest_route=\/wp\/v2\/pages\/95\/revisions\/103"}],"wp:attachment":[{"href":"http:\/\/www.pflegedienst-kempen.de\/index.php?rest_route=%2Fwp%2Fv2%2Fmedia&parent=95"}],"curies":[{"name":"wp","href":"https:\/\/api.w.org\/{rel}","templated":true}]}}